{"id":817,"date":"2025-06-11T11:59:07","date_gmt":"2025-06-11T11:59:07","guid":{"rendered":"https:\/\/ioanaonet.ro\/?page_id=817"},"modified":"2025-06-17T10:35:53","modified_gmt":"2025-06-17T10:35:53","slug":"cos-de-cumparaturi","status":"publish","type":"page","link":"https:\/\/ioanaonet.com\/en\/cos-de-cumparaturi\/","title":{"rendered":"Co\u0219 de cump\u0103r\u0103turi"},"content":{"rendered":"<div data-elementor-type=\"wp-page\" data-elementor-id=\"817\" class=\"elementor elementor-817\" data-elementor-post-type=\"page\">\n\t\t\t\t\t\t<section class=\"elementor-section elementor-top-section elementor-element elementor-element-932ea07 elementor-section-boxed elementor-section-height-default elementor-section-height-default\" data-id=\"932ea07\" data-element_type=\"section\">\n\t\t\t\t\t\t<div class=\"elementor-container elementor-column-gap-default\">\n\t\t\t\t\t<div class=\"elementor-column elementor-col-100 elementor-top-column elementor-element elementor-element-95b706c\" data-id=\"95b706c\" data-element_type=\"column\">\n\t\t\t<div class=\"elementor-widget-wrap elementor-element-populated\">\n\t\t\t\t\t\t\t<\/div>\n\t\t<\/div>\n\t\t\t\t\t<\/div>\n\t\t<\/section>\n\t\t\t\t<\/div>","protected":false},"excerpt":{"rendered":"<p>Remove item Thumbnail image Product Price Quantity Subtotal &times; Consiliere Psihologic\u0103 300,00&nbsp;lei Consiliere Psihologic\u0103 quantity 600,00&nbsp;lei &times; Psihoterapie Individual\u0103 300,00&nbsp;lei Psihoterapie Individual\u0103 quantity 900,00&nbsp;lei Total Subtotal 1.500,00&nbsp;lei Shipping Free shipping Shipping to Bucure\u0219ti. Total 1.500,00&nbsp;lei Mergi spre finalziare<\/p>","protected":false},"author":1,"featured_media":0,"parent":0,"menu_order":0,"comment_status":"closed","ping_status":"closed","template":"","meta":{"footnotes":""},"class_list":["post-817","page","type-page","status-publish","hentry"],"_links":{"self":[{"href":"https:\/\/ioanaonet.com\/en\/wp-json\/wp\/v2\/pages\/817","targetHints":{"allow":["GET"]}}],"collection":[{"href":"https:\/\/ioanaonet.com\/en\/wp-json\/wp\/v2\/pages"}],"about":[{"href":"https:\/\/ioanaonet.com\/en\/wp-json\/wp\/v2\/types\/page"}],"author":[{"embeddable":true,"href":"https:\/\/ioanaonet.com\/en\/wp-json\/wp\/v2\/users\/1"}],"replies":[{"embeddable":true,"href":"https:\/\/ioanaonet.com\/en\/wp-json\/wp\/v2\/comments?post=817"}],"version-history":[{"count":0,"href":"https:\/\/ioanaonet.com\/en\/wp-json\/wp\/v2\/pages\/817\/revisions"}],"wp:attachment":[{"href":"https:\/\/ioanaonet.com\/en\/wp-json\/wp\/v2\/media?parent=817"}],"curies":[{"name":"wp","href":"https:\/\/api.w.org\/{rel}","templated":true}]}}